{"id":550,"date":"2021-09-24T10:25:35","date_gmt":"2021-09-24T07:25:35","guid":{"rendered":"https:\/\/75.usm.md\/?page_id=550"},"modified":"2021-09-24T10:29:01","modified_gmt":"2021-09-24T07:29:01","slug":"sedinta-festiva-a-senatului-usm-consacrata-sarbatorii-nationale-limba-noastra-cea-romana","status":"publish","type":"page","link":"https:\/\/75.usm.md\/?page_id=550","title":{"rendered":"\u0218edin\u021ba festiv\u0103 a Senatului USM, consacrat\u0103 s\u0103rb\u0103torii na\u021bionale \u201eLimba noastr\u0103 cea rom\u00e2n\u0103\u201d"},"content":{"rendered":"\n\t\t<div id='gallery-1' class='gallery galleryid-550 gallery-columns-5 gallery-size-thumbnail gallery1'><script type=\"text\/javascript\">\r\n\/\/ <![CDATA[\r\n\tjQuery(document).ready(function () {\r\n\t\tjQuery(\".gallery1 a\").attr(\"rel\",\"gallery1\");\t\r\n\t\tjQuery('a[rel=\"gallery1\"]').colorbox({maxWidth:\"95%\", maxHeight:\"95%\",title: function(){ return jQuery(this).children().attr(\"alt\"); }, });\r\n\t});\r\n\/\/ ]]>\r\n<\/script>\n\r\n\t\t\t<style type=\"text\/css\">\r\n\t\t\t\t#cboxCurrent { display:none !important; }\r\n\t\t\t<\/style>\n<figure class=\"gallery-item\">\n<div class=\"gallery-icon\">\r\n<a href=\"https:\/\/75.usm.md\/wp-content\/uploads\/2021\/09\/IMG_8700-1024x683.jpg\" title=\"\" rel=\"gallery1\"><img loading=\"lazy\" decoding=\"async\" src=\"https:\/\/75.usm.md\/wp-content\/uploads\/2021\/09\/IMG_8700-150x150.jpg\" width=\"150\" height=\"150\" alt=\"\" \/><\/a>\r\n<\/div><\/figure><figure class=\"gallery-item\">\n<div class=\"gallery-icon\">\r\n<a href=\"https:\/\/75.usm.md\/wp-content\/uploads\/2021\/09\/IMG_8702-1024x623.jpg\" title=\"\" rel=\"gallery1\"><img loading=\"lazy\" decoding=\"async\" src=\"https:\/\/75.usm.md\/wp-content\/uploads\/2021\/09\/IMG_8702-150x150.jpg\" width=\"150\" height=\"150\" alt=\"\" \/><\/a>\r\n<\/div><\/figure><figure class=\"gallery-item\">\n<div class=\"gallery-icon\">\r\n<a href=\"https:\/\/75.usm.md\/wp-content\/uploads\/2021\/09\/IMG_8703-1024x722.jpg\" title=\"\" rel=\"gallery1\"><img loading=\"lazy\" decoding=\"async\" src=\"https:\/\/75.usm.md\/wp-content\/uploads\/2021\/09\/IMG_8703-150x150.jpg\" width=\"150\" height=\"150\" alt=\"\" \/><\/a>\r\n<\/div><\/figure><figure class=\"gallery-item\">\n<div class=\"gallery-icon\">\r\n<a href=\"https:\/\/75.usm.md\/wp-content\/uploads\/2021\/09\/IMG_8705-645x1024.jpg\" title=\"\" rel=\"gallery1\"><img loading=\"lazy\" decoding=\"async\" src=\"https:\/\/75.usm.md\/wp-content\/uploads\/2021\/09\/IMG_8705-150x150.jpg\" width=\"150\" height=\"150\" alt=\"\" \/><\/a>\r\n<\/div><\/figure><figure class=\"gallery-item\">\n<div class=\"gallery-icon\">\r\n<a href=\"https:\/\/75.usm.md\/wp-content\/uploads\/2021\/09\/IMG_8717-1024x730.jpg\" title=\"\" rel=\"gallery1\"><img loading=\"lazy\" decoding=\"async\" src=\"https:\/\/75.usm.md\/wp-content\/uploads\/2021\/09\/IMG_8717-150x150.jpg\" width=\"150\" height=\"150\" alt=\"\" \/><\/a>\r\n<\/div><\/figure><figure class=\"gallery-item\">\n<div class=\"gallery-icon\">\r\n<a href=\"https:\/\/75.usm.md\/wp-content\/uploads\/2021\/09\/IMG_8721-1024x771.jpg\" title=\"\" rel=\"gallery1\"><img loading=\"lazy\" decoding=\"async\" src=\"https:\/\/75.usm.md\/wp-content\/uploads\/2021\/09\/IMG_8721-150x150.jpg\" width=\"150\" height=\"150\" alt=\"\" \/><\/a>\r\n<\/div><\/figure><figure class=\"gallery-item\">\n<div class=\"gallery-icon\">\r\n<a href=\"https:\/\/75.usm.md\/wp-content\/uploads\/2021\/09\/IMG_8725-1024x723.jpg\" title=\"\" rel=\"gallery1\"><img loading=\"lazy\" decoding=\"async\" src=\"https:\/\/75.usm.md\/wp-content\/uploads\/2021\/09\/IMG_8725-150x150.jpg\" width=\"150\" height=\"150\" alt=\"\" \/><\/a>\r\n<\/div><\/figure><figure class=\"gallery-item\">\n<div class=\"gallery-icon\">\r\n<a href=\"https:\/\/75.usm.md\/wp-content\/uploads\/2021\/09\/IMG_8727-1024x683.jpg\" title=\"\" rel=\"gallery1\"><img loading=\"lazy\" decoding=\"async\" src=\"https:\/\/75.usm.md\/wp-content\/uploads\/2021\/09\/IMG_8727-150x150.jpg\" width=\"150\" height=\"150\" alt=\"\" \/><\/a>\r\n<\/div><\/figure><figure class=\"gallery-item\">\n<div class=\"gallery-icon\">\r\n<a href=\"https:\/\/75.usm.md\/wp-content\/uploads\/2021\/09\/IMG_8729-1024x742.jpg\" title=\"\" rel=\"gallery1\"><img loading=\"lazy\" decoding=\"async\" src=\"https:\/\/75.usm.md\/wp-content\/uploads\/2021\/09\/IMG_8729-150x150.jpg\" width=\"150\" height=\"150\" alt=\"\" \/><\/a>\r\n<\/div><\/figure><figure class=\"gallery-item\">\n<div class=\"gallery-icon\">\r\n<a href=\"https:\/\/75.usm.md\/wp-content\/uploads\/2021\/09\/IMG_8730-1024x683.jpg\" title=\"\" rel=\"gallery1\"><img loading=\"lazy\" decoding=\"async\" src=\"https:\/\/75.usm.md\/wp-content\/uploads\/2021\/09\/IMG_8730-150x150.jpg\" width=\"150\" height=\"150\" alt=\"\" \/><\/a>\r\n<\/div><\/figure>\r\n\t\t<\/div>\n\n","protected":false},"excerpt":{"rendered":"","protected":false},"author":1,"featured_media":0,"parent":0,"menu_order":0,"comment_status":"closed","ping_status":"closed","template":"","meta":{"footnotes":""},"_links":{"self":[{"href":"https:\/\/75.usm.md\/index.php?rest_route=\/wp\/v2\/pages\/550"}],"collection":[{"href":"https:\/\/75.usm.md\/index.php?rest_route=\/wp\/v2\/pages"}],"about":[{"href":"https:\/\/75.usm.md\/index.php?rest_route=\/wp\/v2\/types\/page"}],"author":[{"embeddable":true,"href":"https:\/\/75.usm.md\/index.php?rest_route=\/wp\/v2\/users\/1"}],"replies":[{"embeddable":true,"href":"https:\/\/75.usm.md\/index.php?rest_route=%2Fwp%2Fv2%2Fcomments&post=550"}],"version-history":[{"count":2,"href":"https:\/\/75.usm.md\/index.php?rest_route=\/wp\/v2\/pages\/550\/revisions"}],"predecessor-version":[{"id":562,"href":"https:\/\/75.usm.md\/index.php?rest_route=\/wp\/v2\/pages\/550\/revisions\/562"}],"wp:attachment":[{"href":"https:\/\/75.usm.md\/index.php?rest_route=%2Fwp%2Fv2%2Fmedia&parent=550"}],"curies":[{"name":"wp","href":"https:\/\/api.w.org\/{rel}","templated":true}]}}