{"id":164,"date":"2021-09-10T13:28:16","date_gmt":"2021-09-10T10:28:16","guid":{"rendered":"https:\/\/75.usm.md\/?page_id=164"},"modified":"2021-09-10T13:28:16","modified_gmt":"2021-09-10T10:28:16","slug":"gheorghe-rusnac","status":"publish","type":"page","link":"https:\/\/75.usm.md\/?page_id=164","title":{"rendered":"Gheorghe Rusnac"},"content":{"rendered":"<p style=\"text-align: justify;\"><strong><img loading=\"lazy\" decoding=\"async\" class=\"size-medium wp-image-167 alignright\" src=\"https:\/\/75.usm.md\/wp-content\/uploads\/2021\/09\/Gheorghe-Rusnac-2-216x300.jpg\" alt=\"\" width=\"216\" height=\"300\" srcset=\"https:\/\/75.usm.md\/wp-content\/uploads\/2021\/09\/Gheorghe-Rusnac-2-216x300.jpg 216w, https:\/\/75.usm.md\/wp-content\/uploads\/2021\/09\/Gheorghe-Rusnac-2-739x1024.jpg 739w, https:\/\/75.usm.md\/wp-content\/uploads\/2021\/09\/Gheorghe-Rusnac-2-768x1065.jpg 768w, https:\/\/75.usm.md\/wp-content\/uploads\/2021\/09\/Gheorghe-Rusnac-2-1108x1536.jpg 1108w, https:\/\/75.usm.md\/wp-content\/uploads\/2021\/09\/Gheorghe-Rusnac-2-1477x2048.jpg 1477w, https:\/\/75.usm.md\/wp-content\/uploads\/2021\/09\/Gheorghe-Rusnac-2-43x60.jpg 43w, https:\/\/75.usm.md\/wp-content\/uploads\/2021\/09\/Gheorghe-Rusnac-2.jpg 1778w\" sizes=\"(max-width: 216px) 100vw, 216px\" \/>Gheorghe Rusnac (n. 1942), rector \u00een perioada 1993-2007.<\/strong> Originar din s. Ocni\u021ba, raionul Ocni\u021ba. Dup\u0103 absolvirea \u0219colii lucreaz\u0103 \u00een gospod\u0103ria agricol\u0103 din localitate, apoi \u00ee\u0219i continu\u0103 studiile la \u0218coala pedagogic\u0103 din ora\u0219ul Soroca \u0219i, ulterior, la Facultatea de Istorie a Universit\u0103\u021bii de Stat din Moldova. Studiile la doctorat (1971-1974) le finalizeaz\u0103 cu sus\u021binerea tezei de doctor cu tema <em>Activitatea Partidului Comunist din Moldova cu privire la dezvoltarea \u00eenv\u0103\u021b\u0103m\u00e2ntului superior \u0219i mediu de specialitate din republic\u0103, <\/em>specialitatea <em>Istoria PCUS. <\/em>\u00cen anul 1989 sus\u021bine teza de doctor habilitat cu tema <em>Conducerea de c\u0103tre Partidul Comunist al Moldovei a \u0219colii superioare \u0219i medii de specialitate din republic\u0103 (anii 60-80)<\/em> la aceea\u0219i specialitate. \u00ce\u0219i \u00eencepe activitatea didactic\u0103 ca \u00eenv\u0103\u021b\u0103tor de educa\u021bie fizic\u0103 \u0219i c\u00e2nt \u00een s. Clocu\u0219na. Dup\u0103 absolvirea Facult\u0103\u021bii de Istorie, activeaz\u0103 la Catedra Istoria PCUS, urc\u00e2nd toate treptele ierarhiei universitare: lector, lector superior, conferen\u021biar, profesor universitar. \u00cen anii 1980-1984 a fost prodecan al Facult\u0103\u021bii de Filologie \u0219i Biblioteconomie (sec\u021bia cu frecven\u021b\u0103 redus\u0103); \u00een anii 1987-1990 \u2013 secretar al Comitetului de partid al USM; ulterior \u2013 \u0219ef al nou-\u00eenfiin\u021batei Catedre Politologie. \u00cen 1992 a fost \u00eenaintat de c\u0103tre sindicatele studen\u021be\u0219ti ale USM candidat la func\u021bia de rector al USM \u0219i pe 29 decembrie 1992 a fost ales \u00een aceast\u0103 func\u021bie.<\/p>\n<p style=\"text-align: justify;\">Pe 28 iulie 1993 Gh. Rusnac a fost confirmat \u00een func\u021bia de rector al USM. Ulterior, \u021bin\u00e2nd cont de transform\u0103rile democratice din Republica Moldova \u0219i de num\u0103rul mare de studen\u021bi, la USM au fost organizate noi facult\u0103\u021bi \u0219i catedre cu cele mai diverse specialit\u0103\u021bi, necesare economiei na\u021bionale a \u021b\u0103rii. Dup\u0103 expirarea a dou\u0103 termene, la sf\u00e2r\u0219itul anului 2007, Gh. Rusnac se retrage din func\u021bia de rector al USM.<\/p>\n","protected":false},"excerpt":{"rendered":"<p>Gheorghe Rusnac (n. 1942), rector \u00een perioada 1993-2007. Originar din s. Ocni\u021ba, raionul Ocni\u021ba. Dup\u0103 absolvirea \u0219colii lucreaz\u0103 \u00een gospod\u0103ria agricol\u0103 din localitate, apoi \u00ee\u0219i continu\u0103 studiile la \u0218coala pedagogic\u0103 din ora\u0219ul Soroca \u0219i, ulterior, la Facultatea de Istorie a Universit\u0103\u021bii de Stat din Moldova. &hellip; <\/p>\n","protected":false},"author":1,"featured_media":0,"parent":0,"menu_order":0,"comment_status":"closed","ping_status":"closed","template":"","meta":{"footnotes":""},"_links":{"self":[{"href":"https:\/\/75.usm.md\/index.php?rest_route=\/wp\/v2\/pages\/164"}],"collection":[{"href":"https:\/\/75.usm.md\/index.php?rest_route=\/wp\/v2\/pages"}],"about":[{"href":"https:\/\/75.usm.md\/index.php?rest_route=\/wp\/v2\/types\/page"}],"author":[{"embeddable":true,"href":"https:\/\/75.usm.md\/index.php?rest_route=\/wp\/v2\/users\/1"}],"replies":[{"embeddable":true,"href":"https:\/\/75.usm.md\/index.php?rest_route=%2Fwp%2Fv2%2Fcomments&post=164"}],"version-history":[{"count":1,"href":"https:\/\/75.usm.md\/index.php?rest_route=\/wp\/v2\/pages\/164\/revisions"}],"predecessor-version":[{"id":168,"href":"https:\/\/75.usm.md\/index.php?rest_route=\/wp\/v2\/pages\/164\/revisions\/168"}],"wp:attachment":[{"href":"https:\/\/75.usm.md\/index.php?rest_route=%2Fwp%2Fv2%2Fmedia&parent=164"}],"curies":[{"name":"wp","href":"https:\/\/api.w.org\/{rel}","templated":true}]}}