{"id":144,"date":"2021-09-10T13:18:36","date_gmt":"2021-09-10T10:18:36","guid":{"rendered":"https:\/\/75.usm.md\/?page_id=144"},"modified":"2021-09-10T13:18:36","modified_gmt":"2021-09-10T10:18:36","slug":"victor-cepurnov","status":"publish","type":"page","link":"https:\/\/75.usm.md\/?page_id=144","title":{"rendered":"Victor Cepurnov"},"content":{"rendered":"<p style=\"text-align: justify;\"><strong><img loading=\"lazy\" decoding=\"async\" class=\"size-medium wp-image-145 alignright\" src=\"https:\/\/75.usm.md\/wp-content\/uploads\/2021\/09\/Victor-Cepurnov-200x300.jpg\" alt=\"\" width=\"200\" height=\"300\" srcset=\"https:\/\/75.usm.md\/wp-content\/uploads\/2021\/09\/Victor-Cepurnov-200x300.jpg 200w, https:\/\/75.usm.md\/wp-content\/uploads\/2021\/09\/Victor-Cepurnov-683x1024.jpg 683w, https:\/\/75.usm.md\/wp-content\/uploads\/2021\/09\/Victor-Cepurnov-768x1152.jpg 768w, https:\/\/75.usm.md\/wp-content\/uploads\/2021\/09\/Victor-Cepurnov-1024x1536.jpg 1024w, https:\/\/75.usm.md\/wp-content\/uploads\/2021\/09\/Victor-Cepurnov-1365x2048.jpg 1365w, https:\/\/75.usm.md\/wp-content\/uploads\/2021\/09\/Victor-Cepurnov-40x60.jpg 40w, https:\/\/75.usm.md\/wp-content\/uploads\/2021\/09\/Victor-Cepurnov-scaled.jpg 1707w\" sizes=\"(max-width: 200px) 100vw, 200px\" \/>Victor Cepurnov (1905-1975), rector \u00een perioada 1951-1962<\/strong>. Este originar dintr-un or\u0103\u0219el din regiunea Celeabinsk. Face studii la o \u0219coal\u0103 feroviar\u0103, apoi la Universitatea de Stat din Tomsk, la Facultatea de \u0218tiin\u021be Naturale, specialitatea <em>Zoologia animalelor vertebrate. <\/em>Activitatea didactico-\u0219tiin\u021bific\u0103 \u0219i-o continu\u0103 la aceast\u0103 Universitate, unde fondeaz\u0103 Catedra Ihtiologie \u0219i Hidrobiologie. \u00cen calitatea sa de \u0219ef al acestei catedre, organizeaz\u0103 expedi\u021bii de cercetare \u0219tiin\u021bific\u0103 \u00een Siberia. \u00cen anul 1935, se transfer\u0103 cu serviciul la Institutul Pedagogic din ora\u0219ul Kuib\u00e2\u0219ev, unde activeaz\u0103 ca decan al Facult\u0103\u021bii de \u0218tiin\u021be Naturale. Ulterior exercit\u0103 diferite func\u021bii: director al Institutului Agricol \u0219i \u0219ef al Catedrei Zoologie, \u0219ef al Sec\u021biei Regionale de \u00cenv\u0103\u021b\u0103m\u00e2nt Public a Comitetului Executiv Regional Kuib\u00e2\u0219ev. Dup\u0103 r\u0103zboi, \u00eentre anii 1945 \u0219i 1948, este rector al Universit\u0103\u021bii Karelo-Fine, apoi revine la Kuib\u00e2\u0219ev, unde activeaz\u0103 ca vicedirector al Institutului Pedagogic p\u00e2n\u0103 \u00een anul 1951. \u00cen februarie 1951, la recomandarea Ministerului de resort al URSS, devine, prin decizia Biroului CC al PC(b) al Moldovei, rector al Universit\u0103\u021bii de Stat din Moldova. \u00cen perioada \u00een care a de\u021binut aceast\u0103 func\u021bie este consolidat\u0103 baza tehnico-material\u0103 a Universit\u0103\u021bii \u0219i cre\u0219te rolul ei de centru didactic \u0219i \u0219tiin\u021bific, sunt organizate studii la doctorat (aspirantur\u0103), sunt constituite Consilii specializate de conferire a titlurilor \u0219tiin\u021bifice, care, \u00een mod obligatoriu, urmau a fi confirmate de c\u0103tre Comisia Superioar\u0103 de Atestare a URSS cu sediul la Moscova. La USM \u00eencep s\u0103-\u0219i fac\u0103 studiile studen\u021bi str\u0103ini. Dat fiind faptul c\u0103 s-a aflat \u00een fruntea Catedrei Zoologia Vertebratelor, ihtiologia a fost introdus\u0103 ca obiect de studiu la Universitate. \u00cen acest sens, el a organizat mai multe expedi\u021bii \u0219tiin\u021bifice, acumul\u00e2nd un bogat material ce i-a permis ulterior sus\u021binerea tezei de doctor habilitat. \u00cen ultimii ani de activitate, a fost \u00eenvinuit c\u0103 nu este \u00een stare s\u0103 asigure bunul mers al vie\u021bii universitare, c\u0103 a comis erori grave \u00een ceea ce prive\u0219te selectarea \u0219i educarea cadrelor, c\u0103 nu organizeaz\u0103 la nivelul cuvenit procesul de admitere, c\u0103 nu asigur\u0103 completarea grupelor cu studen\u021bi moldoveni. I se mai imputa favorizarea anumitor persoane c\u0103rora le creeaz\u0103 condi\u021bii mai bune de activitate \u0219i excluderea din Universitate a celor care \u0219i-au permis s\u0103-l critice. Spre exemplu, l-a \u00eenvinuit pe S. V. \u021aaranov, pre\u0219edintele Comitetului \u00eenv\u0103\u021b\u0103m\u00e2ntulu superior \u0219i mediu de specialitate din RSSM, de faptul c\u0103 este adept al na\u021bionalismului. Astfel, prin decizia Biroului CC al PCM din 10 decembrie 1962, V. Cepurnov este demis din func\u021bia de rector \u0219i transferat \u00een postul de \u0219ef al Catedrei Animale Vertebrate, iar \u00een martie 1963 este concediat de la Universitate.<\/p>\n","protected":false},"excerpt":{"rendered":"<p>Victor Cepurnov (1905-1975), rector \u00een perioada 1951-1962. Este originar dintr-un or\u0103\u0219el din regiunea Celeabinsk. Face studii la o \u0219coal\u0103 feroviar\u0103, apoi la Universitatea de Stat din Tomsk, la Facultatea de \u0218tiin\u021be Naturale, specialitatea Zoologia animalelor vertebrate. Activitatea didactico-\u0219tiin\u021bific\u0103 \u0219i-o continu\u0103 la aceast\u0103 Universitate, unde fondeaz\u0103 &hellip; <\/p>\n","protected":false},"author":1,"featured_media":0,"parent":0,"menu_order":0,"comment_status":"closed","ping_status":"closed","template":"","meta":{"footnotes":""},"_links":{"self":[{"href":"https:\/\/75.usm.md\/index.php?rest_route=\/wp\/v2\/pages\/144"}],"collection":[{"href":"https:\/\/75.usm.md\/index.php?rest_route=\/wp\/v2\/pages"}],"about":[{"href":"https:\/\/75.usm.md\/index.php?rest_route=\/wp\/v2\/types\/page"}],"author":[{"embeddable":true,"href":"https:\/\/75.usm.md\/index.php?rest_route=\/wp\/v2\/users\/1"}],"replies":[{"embeddable":true,"href":"https:\/\/75.usm.md\/index.php?rest_route=%2Fwp%2Fv2%2Fcomments&post=144"}],"version-history":[{"count":1,"href":"https:\/\/75.usm.md\/index.php?rest_route=\/wp\/v2\/pages\/144\/revisions"}],"predecessor-version":[{"id":146,"href":"https:\/\/75.usm.md\/index.php?rest_route=\/wp\/v2\/pages\/144\/revisions\/146"}],"wp:attachment":[{"href":"https:\/\/75.usm.md\/index.php?rest_route=%2Fwp%2Fv2%2Fmedia&parent=144"}],"curies":[{"name":"wp","href":"https:\/\/api.w.org\/{rel}","templated":true}]}}