{"id":1397,"date":"2021-10-04T14:24:49","date_gmt":"2021-10-04T11:24:49","guid":{"rendered":"https:\/\/75.usm.md\/?page_id=1397"},"modified":"2021-10-04T14:28:59","modified_gmt":"2021-10-04T11:28:59","slug":"cu-ocazia-aniversarii-a-75-a-a-universitatii-de-stat-din-moldova-absolventa-facultatii-de-matematica-si-informatica-alexandra-tkacenko-doctor-conferentiar-universitar-coordonator-regional-european","status":"publish","type":"page","link":"https:\/\/75.usm.md\/?page_id=1397","title":{"rendered":"Alexandra Tkacenko: &#8222;UNIVERSITATE \u2013 L\u0102CA\u0218 SCUMP&#8230;&#8221;"},"content":{"rendered":"<p>Cu ocazia anivers\u0103rii a 75-a a Universit\u0103\u021bii de Stat din Moldova, absolventa Facult\u0103\u021bii de Matematic\u0103 \u0219i Informatic\u0103 Alexandra Tkacenko, doctor, conferen\u021biar universitar, coordonator regional European Women in Mathematics, ne vorbe\u0219te despre matematica vie\u021bii Domniei sale<\/p>\n<p style=\"text-align: justify;\"><img loading=\"lazy\" decoding=\"async\" class=\"size-thumbnail wp-image-1396 alignright\" src=\"https:\/\/75.usm.md\/wp-content\/uploads\/2021\/10\/tkacenko-alexandra-matematica--150x150.jpg\" alt=\"\" width=\"150\" height=\"150\" srcset=\"https:\/\/75.usm.md\/wp-content\/uploads\/2021\/10\/tkacenko-alexandra-matematica--150x150.jpg 150w, https:\/\/75.usm.md\/wp-content\/uploads\/2021\/10\/tkacenko-alexandra-matematica--630x630.jpg 630w, https:\/\/75.usm.md\/wp-content\/uploads\/2021\/10\/tkacenko-alexandra-matematica--300x300.jpg 300w\" sizes=\"(max-width: 150px) 100vw, 150px\" \/>A vorbi despre matematic\u0103 \u00eenseamn\u0103 a vorbi despre nem\u0103rginire&#8230; pentru c\u0103 de fapt totul \u00een jur, toat\u0103 natura \u0219i \u00eentreg universul se supune regulilor matematicii&#8230;Astfel, cu siguran\u021b\u0103, putem spune, c\u0103 \u201eDumnezeu este primul \u0219i cel mai mare matematician!\u201d Dup\u0103 mine:<\/p>\n<p style=\"text-align: justify;\"><em>Matematica-I un mod de g\u00e2ndire,<\/em><br \/>\n<em>Matematica-I un mod de tr\u0103ire,<\/em><br \/>\n<em>Un dar de la Domnul, cu totul aparte,<\/em><br \/>\n<em>De a vedea lumea profund \u0219i departe\u2026<\/em><\/p>\n<p style=\"text-align: justify;\">De mica am \u00eendr\u0103git matematica. Cu cea mai mare pl\u0103cere a\u0219teptam orele de matematic\u0103. Aceast\u0103 dragoste se amplifica pe timp ce trecea, nu \u00een ultimul r\u00e2nd gra\u021bie \u0219i profesoarei de matematic\u0103, Dermengi Victoria Vasilievna, care continuu \u00eemi alimenta acest interes sporit prin problemele mai complicate din diverse culegeri pe care mi le propunea, olimpiade, concursuri, etc, c\u0103reia \u021bin s\u0103-i aduc mul\u021bumiri pline de recuno\u0219tin\u021b\u0103. \u00cemi amintesc cum \u00een zilele de duminic\u0103, unica zi liber\u0103 pe atunci, m\u0103 trezeam pe la ora 4.00 diminea\u021ba ca s\u0103 ajung la Universitatea de Stat, unde se organizau lec\u021bii \u00een cadrul \u0219colii T\u00e2n\u0103rului Matematician. M\u0103 \u00eentorceam de acolo cu nout\u0103\u021bi frumoase, pe care apoi le relatam cu mult\u0103 bucurie \u00een cadrul orelor facultative colegilor. Am absolvit \u00een anul 1978 \u0219coala medie moldoveneasc\u0103 Nr. 1 din Ch\u0103u\u0219eni cu men\u021biunea \u201cMedalia de Aur\u201d \u0219i am hot\u0103r\u00e2t s\u0103-mi continui studiile la Facultatea de Matematic\u0103 \u0219i Cibernetic\u0103 a Universit\u0103\u021bii de Stat din Moldova. De ce Universitatea de Stat? Pentru c\u0103 Universitatea de Stat din Moldova a fost \u0219i este cea mai prestigioas\u0103 institu\u021bie din \u021bar\u0103, unde po\u021bi ob\u021bine cuno\u0219tin\u021be profunde \u00eentru a deveni performant \u00een domeniu. Reu\u0219ind bine \u0219i la alte materii, bine\u00een\u021beles, unii profesori \u00eencercau s\u0103 m\u0103 conving\u0103 pentru alte facult\u0103\u021bi, dar \u00eencerc\u0103rile lor erau z\u0103darnice, decizia mea era ferm\u0103&#8230; La data de 1 august am sus\u021binut primul examen la matematic\u0103 pe nota maxim\u0103 (5 pe atunci) \u0219i m-am bucurat de oportunitatea de a fi scutit\u0103 de celelalte examene (4 la num\u0103r), deoarece \u00eemi \u00eendrept\u0103\u021bisem medalia, astfel fiind considerat\u0103 deja student\u0103. Aici \u00eemi amintesc un caz haios care mi se \u00eent\u00e2mplase. La data de 2 august am hot\u0103r\u00e2t s\u0103 merg la Universitate, s\u0103 v\u0103d care era soarta mea de mai departe, eram \u00eentr-o nedumerire&#8230;\u00cen troleibuzul \u00een care am urcat am observat o b\u0103tr\u00e2nic\u0103, care citea ziarul \u201eChi\u0219in\u0103ul de sear\u0103\u201d, tr\u0103g\u00e2nd cu ochiul am observat fotografia mea \u00een ziar&#8230;Ini\u021bial m-am speriat&#8230;Bunicu\u021ba mi-a observat nedumerirea \u0219i m-a felicitat, precum c\u0103 eram prima abiturient\u0103, care-mi \u00eendrept\u0103\u021bisem medalia, devenind astfel student\u0103&#8230; m\u0103 sim\u021beam fericit\u0103 \u0219i m\u00e2ndr\u0103 de mine.<br \/>\nA\u0219a au \u00eencepu anii mei de studen\u021bie, cei mai frumo\u0219i \u0219i veseli ani ai tinere\u021bii&#8230;A\u0219 vrea aici s\u0103 men\u021bionez, c\u0103 at\u00e2t studen\u021bii c\u00e2t \u0219i perioada de studen\u021bie era un pic diferit\u0103 de cea actual\u0103&#8230;Studen\u021bii de atunci p\u0103reau mai optimi\u0219ti, mai prieteno\u0219i, mai responsabili unul fa\u021b\u0103 de altul&#8230;Poate c\u0103 via\u021ba de c\u0103min, muncile de toamn\u0103 \u00een colhoz, activit\u0103\u021bile comune de tip subotnice, voscresnice, \u0219.a acestea \u00eentr-un fel ne uneau ne f\u0103ceau mai prieteno\u0219i. \u00cemi amintesc, c\u0103 la unele examene, cu mari riscuri pentru mine, ini\u021bial rezolvam subiectele colegilor&#8230;Anii de studen\u021bie au trecut repede \u0219i<br \/>\ninteresant, dar neuitate au r\u0103mas momentele frumoase, tr\u0103irile emotive, cursurile, care cu at\u00e2ta d\u0103ruire ni le duceau personalit\u0103\u021bi de valoare, profunzi cunosc\u0103tori de domenii cum au fost regreta\u021bii Dl. Sacaliuc, cursul de Analiz\u0103 matematic\u0103, pe care \u00eel ducea \u00eentr-o rom\u00e2n\u0103 perfect\u0103, Dl Dubalari, cursul de Ecua\u021bii ale fizicii matematice, Dl Stahi, pe atunci Decan, care avea o \u021binut\u0103 at\u00e2t de autoritar\u0103, \u00eenc\u00e2t se p\u0103rea, c\u0103 nici musca nu \u00eendr\u0103znea s\u0103 zboare la cursul de Ecua\u021biii diferen\u021biale, Dl Gherman, Decanul adjunct, cursul de Analiz\u0103 convex\u0103, Dl. Pris\u0103caru, cursul, Logica matematic\u0103 \u0219.a. Domnul s\u0103-i odihneasc\u0103 \u00een pace \u00een \u00eemp\u0103r\u0103\u021bia Sa! Aici a\u0219 dori s\u0103 men\u021bionez \u0219i profesorii, care sunt printre noi \u0219i au contribuit enorm de mult la formarea noastr\u0103 profesional\u0103, cum ar fi Dl. Goian cu frumosul curs de Algebr\u0103, Dl Po\u0219taru cursul, Teorie a probabilit\u0103\u021bilor, Dl. Chirilov, cursul, Metode de optimizare, Dl Secrieru, cursul, Analiz\u0103 numeric\u0103, Dl. Albu cu mai multe cursuri de specializare \u0219.a Respect \u0219i profunde mul\u021bumiri pentru cuno\u0219tin\u021bele profunde \u0219i deprinderile de cercetare pe care ni le-au antrenat. A\u0219 sublinia aici, c\u0103 \u00een acea perioad\u0103, decanatul era o subdiviziune at\u00e2t de autoritar\u0103, \u00eenc\u00e2t studen\u021bii nu mergeau la decanat pentru orice problem\u0103. Mesagerul \u00eentre studen\u021bi \u0219i decanat era \u0219eful grupei, prin care se coordonau cu decanatul toate problemele curente \u0219i cele ap\u0103rute.<br \/>\n\u00cen ultimul semestru de studii, aproape de sf\u00e2r\u0219it fiecare student beneficia de o repartizare organizat\u0103 conform unei liste de locuri disponibile pe \u00eentreg spa\u021biu al, pe atunci, Uniuni Sovietice. Repartizarea se f\u0103cea conform mediei de absolvire \u00een descre\u0219tere, deci studen\u021bii cu mediile mai \u00eenalte beneficiau de mai multe oportunit\u0103\u021bi de alegere&#8230;\u00cemi amintesc, c\u0103 intrasem printre primii la repartizare, absolvind Universitate cu men\u021biunea \u201eDiploma Ro\u0219ie\u201d, de fapt nu am reu\u0219it s\u0103 aleg nimic, pentru c\u0103 a\u0219a s-a primit c\u0103 \u201eUniversitatea m-a ales pe mine\u201d &#8230;S-a ridicat Dl. Stahi, care era \u0219i membru a comisiei de repartizare \u0219i a anun\u021bat c\u0103 la facultate sunt dou\u0103 locuri vacante, unul dintre care urmeaz\u0103 s\u0103-l ocup eu. Desigur c\u0103 am fost de acord, fiind foarte bucuroas\u0103 de aceast\u0103 reparti\u021bie.<br \/>\n\u00cencep\u00e2nd cu anul 1983 a \u00eenceput deja activitatea mea profesional\u0103 la facultate, ini\u021bial \u00een func\u021bia de inginer programator la Sala studen\u021beasc\u0103 de calculatoare. M-am angajat \u00een calitatea de competitor la Catedra de Cercet\u0103ri Opera\u021bionale pentru prelungirea activit\u0103\u021bii \u0219tiin\u021bifice, pe care o ini\u021biasem \u00eenc\u0103 la anul 4 de studii. Aspirantura da la Moscova, unde eram \u00eendreptat\u0103 doi ani dup\u0103 absolvirea facult\u0103\u021bii am abandonat-o, deoarece aveam deja doi copii mici, dar loc \u00een c\u0103min cu copii nu mi se oferea. Dar \u0219tim bine c\u0103 atunci c\u00e2nd se \u00eenchide o u\u0219\u0103, neap\u0103rat se deschide alta mai benefic\u0103 pentru tine. Astfel, \u00een 1990 am fost selectat\u0103 pentru stagiul de doctorat la Bucure\u0219ti, ASE, Facultatea de Cibernetic\u0103, Statistic\u0103 \u0219i Informatic\u0103 Economic\u0103, unde am plecat cu toat\u0103 familia. A fost o perioad\u0103 frumoas\u0103 \u0219i foarte consistent\u0103 \u00een ale cunoa\u0219terii \u0219i cercet\u0103rii. Am avut parte de un conduc\u0103tor \u0219tiin\u021bific foarte recunoscut ca o personalitate notorie \u00een \u0219tiin\u021ba rom\u00e2neasc\u0103, Dl Ion Stancu-Minasian, care era foarte exigent, dar datorit\u0103 c\u0103ruia am acumulat at\u00e2t cuno\u0219tin\u021be temeinice \u00een domeniu, c\u00e2t \u0219i abilit\u0103\u021bi de cercetare. \u00cen 1994 am sus\u021binut cu succes teza de doctor, fiind \u0219i prima basarabeanc\u0103, care am sus\u021binut teza de doctor \u00een Romania, dup\u0103 care Dl. Stancu mi-a spus cu un mare regret pentru hot\u0103r\u00e2rea mea de a m\u0103 \u00eentoarce \u00een Moldova, Dna Tkacenko, Dvs. deja pute\u021bi crea&#8230;A\u0219 men\u021biona c\u0103 pe perioada doctoranturii am desf\u0103\u0219urat activitate didactic\u0103 la Catedra de Cibernetic\u0103 Economic\u0103 la disciplina Cercet\u0103ri Opera\u021bionale al\u0103turi de personalit\u0103\u021bi de baz\u0103 ale domeniului cum ar fi Dl. Gh. Boldur-L\u0103\u021bescu, Dl. V. Nica, Dl. Marin Dumitru, \u0219.a. Mai mult, \u00een perioada vacan\u021belor la Bucure\u0219ti, veneam la Chi\u0219in\u0103u \u0219i \u00eentr-un termen scurt predam diverse cursuri de specializare, a\u0219a c\u0103 nici atunci nu \u00eentrerupsesem leg\u0103tura cu facultatea de la Chi\u0219in\u0103u. Am avut oportunitatea de a r\u0103m\u00e2ne \u00een continuare la Bucure\u0219ti, fiindu-mi oferit\u0103 func\u021bia de lector la Facultatea Cibernetic\u0103, Statistic\u0103 \u0219i Informatic\u0103 Economic\u0103 cu cazare extraordinar\u0103, dar \u00eempreun\u0103 cu familia am deces s\u0103 ne \u00eentoarcem la Chi\u0219in\u0103u, p\u0103str\u00e2nd p\u00e2n\u0103 \u0219i \u00een prezent frumoase rela\u021bii de colaborare cu colegii de la Bucure\u0219ti.<br \/>\nDin acel moment nu m-am mai desp\u0103r\u021bit de USM, refuz\u00e2nd toate ofertele ap\u0103rute. Actualmente desf\u0103\u0219or activitatea didactic- \u0219tiin\u021bific\u0103 la Departamentul Matematic\u0103 a facult\u0103\u021bii de Matematic\u0103 \u0219i Informatic\u0103, USM \u00een func\u021bia de Conferen\u021biar universitar. \u00cen toat\u0103 aceast\u0103 perioad\u0103 a devenirii mele profesionale am trecut multe etape de restructur\u0103ri at\u00e2t de curricula c\u00e2t \u0219i a structurii de organizare didactic\u0103, p\u00e2n\u0103 \u0219i la denumiri noi de departamente, toate acestea \u00eentru apropierea de standardele europene ale studiilor universitare. P\u00e2n\u0103 \u00een prezent am publicat peste 100 de lucr\u0103ri \u0219tiin\u021bifice, 3 lucr\u0103ri didactice, o monografie cu mai mul\u021bi autori, sunt coordonator regional al femeilor matematicieni din Moldova \u00een organiza\u021bia european\u0103 a femeilor matematicieni, EWM. A\u0219 dori s\u0103 mai men\u021bionez faptul, c\u0103 pe l\u00e2ng\u0103 matematic\u0103, o pasiune special\u0103 a mea este poezia. Am publicat mai multe c\u0103r\u021bi de poezii, dar cea mai valoroas\u0103 lucrare a mea \u00een acest sens, este Psaltirea Maicii Domnului, pe care am f\u0103cut-o \u00een versuri recent cu binecuv\u00e2ntarea Domnului \u0219i nu \u00een ultimul r\u00e2nd datorit\u0103 deschiderii pe care mi-o ofer\u0103 matematica&#8230; Sunt m\u00e2ndr\u0103 c\u0103 din cei patru copii ai mei, b\u0103ie\u021bii au ales f\u0103ga\u0219ul matematicii, Dumitru a absolvit Facultatea de Matematic\u0103 \u0219i Informatic\u0103, specialitatea Matematic\u0103 Aplicat\u0103, iar Nicolae actualmente \u00ee\u0219i face studiile la Facultatea de Inginerie \u0219i Informatic\u0103 din Groningen, Olanda. Fetele, Ana este actri\u021b\u0103 la Teatrul Na\u021bional Mihai Eminescu, iar Elena a absolvit Facultatea de Marketing din Danemarca.<br \/>\nStuden\u021bilor \u0219i viitorilor studen\u021bi ai Universit\u0103\u021bii de Stat din Moldova le doresc s\u0103 fac\u0103 matematic\u0103, c\u0103 dac\u0103 fac matematic\u0103, pot face orice \u00een via\u021b\u0103&#8230;Dar cea mai bun\u0103 matematic\u0103 ce face la Universitatea de Stat din Moldova, facultatea de Matematic\u0103 \u0219i Informatic\u0103. S\u0103 \u00eenve\u021be cu mult\u0103 abnega\u021bie \u0219i r\u00e2vn\u0103, ca s\u0103 acumuleze c\u00e2t mai multe cuno\u0219tin\u021be, s\u0103 nu le fie fric\u0103 de incertitudinea timpurilor, pentru c\u0103 un specialist bun niciodat\u0103 nu va r\u0103m\u00e2ne f\u0103r\u0103 lucru&#8230; Universit\u0103\u021bii, acestui loca\u0219 drag unde vin cu mult\u0103 pl\u0103cere \u0219i de unde merg acas\u0103 cu mult\u0103 pl\u0103cere deja 43 de ani \u00eei doresc s\u0103-\u0219i creasc\u0103 cu fermitate \u0219i continuu ratingul s\u0103u competitiv printre universit\u0103\u021bile din lume \u00een baza corpului didactic profesionist c\u00e2t \u0219i a discipolilor \u0219i nu \u00een ultimul r\u00e2nd \u00een urma implement\u0103rii celor mai moderne tehnologii, astfel \u00eenc\u00e2t s\u0103 ajungem la momentul c\u00e2nd t\u00e2n\u0103rul \u00eentre Universitatea de Stat \u0219i cea din Oxford pentru continuarea studiilor s\u0103 opteze pentru Universitatea de Stat din Moldova!<\/p>\n<p style=\"text-align: justify;\"><strong>La mul\u021bi ani cu mult\u0103 baft\u0103, Alma Mater de la USM!<\/strong><\/p>\n","protected":false},"excerpt":{"rendered":"<p>Cu ocazia anivers\u0103rii a 75-a a Universit\u0103\u021bii de Stat din Moldova, absolventa Facult\u0103\u021bii de Matematic\u0103 \u0219i Informatic\u0103 Alexandra Tkacenko, doctor, conferen\u021biar universitar, coordonator regional European Women in Mathematics, ne vorbe\u0219te despre matematica vie\u021bii Domniei sale A vorbi despre matematic\u0103 \u00eenseamn\u0103 a vorbi despre nem\u0103rginire&#8230; pentru &hellip; <\/p>\n","protected":false},"author":1,"featured_media":0,"parent":0,"menu_order":0,"comment_status":"closed","ping_status":"closed","template":"","meta":{"footnotes":""},"_links":{"self":[{"href":"https:\/\/75.usm.md\/index.php?rest_route=\/wp\/v2\/pages\/1397"}],"collection":[{"href":"https:\/\/75.usm.md\/index.php?rest_route=\/wp\/v2\/pages"}],"about":[{"href":"https:\/\/75.usm.md\/index.php?rest_route=\/wp\/v2\/types\/page"}],"author":[{"embeddable":true,"href":"https:\/\/75.usm.md\/index.php?rest_route=\/wp\/v2\/users\/1"}],"replies":[{"embeddable":true,"href":"https:\/\/75.usm.md\/index.php?rest_route=%2Fwp%2Fv2%2Fcomments&post=1397"}],"version-history":[{"count":4,"href":"https:\/\/75.usm.md\/index.php?rest_route=\/wp\/v2\/pages\/1397\/revisions"}],"predecessor-version":[{"id":1404,"href":"https:\/\/75.usm.md\/index.php?rest_route=\/wp\/v2\/pages\/1397\/revisions\/1404"}],"wp:attachment":[{"href":"https:\/\/75.usm.md\/index.php?rest_route=%2Fwp%2Fv2%2Fmedia&parent=1397"}],"curies":[{"name":"wp","href":"https:\/\/api.w.org\/{rel}","templated":true}]}}